{"id":8,"date":"2021-10-30T07:46:06","date_gmt":"2021-10-30T07:46:06","guid":{"rendered":"http:\/\/www.fyzioaj.cz\/?page_id=8"},"modified":"2024-10-16T09:43:05","modified_gmt":"2024-10-16T09:43:05","slug":"kontakt","status":"publish","type":"page","link":"https:\/\/www.fyzioaj.cz\/index.php\/kontakt\/","title":{"rendered":"Kontakt"},"content":{"rendered":"\n<p><\/p>\n\n\n\n<figure class=\"wp-block-table\"><table><tbody><tr><td> Bc. Ji\u0159\u00ed Sv\u00edtek<\/td><td>tel: 775 534 929<\/td><\/tr><tr><td> Bc. Anna Sv\u00edtkov\u00e1<\/td><td>tel: 604 954 278<\/td><\/tr><tr><td> Daniela Nov\u00e1kov\u00e1 Dis.<\/td><td>tel: 737 077 258<\/td><\/tr><\/tbody><\/table><\/figure>\n","protected":false},"excerpt":{"rendered":"<p>Bc. Ji\u0159\u00ed Sv\u00edtek tel: 775 534 929 Bc. Anna Sv\u00edtkov\u00e1 tel: 604 954 278 Daniela Nov\u00e1kov\u00e1 Dis. tel: 737 077 258<\/p>\n","protected":false},"author":1,"featured_media":0,"parent":0,"menu_order":0,"comment_status":"closed","ping_status":"closed","template":"","meta":{"footnotes":""},"class_list":["post-8","page","type-page","status-publish","hentry"],"yoast_head":"<!-- This site is optimized with the Yoast SEO plugin v23.6 - https:\/\/yoast.com\/wordpress\/plugins\/seo\/ -->\n<title>Kontakt - fyzio a\u2022j Mlad\u00e1 Boleslav<\/title>\n<meta name=\"description\" content=\"Kontakt na na\u0161e fyzioterapeuty p\u0159\u00edmo po telefonu. Domluvte si mas\u00e1\u017e a nebo fyzioterapii v centru Mlad\u00e9 Boleslavi.\" \/>\n<meta name=\"robots\" content=\"index, follow, max-snippet:-1, max-image-preview:large, max-video-preview:-1\" \/>\n<link rel=\"canonical\" href=\"https:\/\/www.fyzioaj.cz\/index.php\/kontakt\/\" \/>\n<meta property=\"og:locale\" content=\"cs_CZ\" \/>\n<meta property=\"og:type\" content=\"article\" \/>\n<meta property=\"og:title\" content=\"Kontakt - fyzio a\u2022j Mlad\u00e1 Boleslav\" \/>\n<meta property=\"og:description\" content=\"Kontakt na na\u0161e fyzioterapeuty p\u0159\u00edmo po telefonu. Domluvte si mas\u00e1\u017e a nebo fyzioterapii v centru Mlad\u00e9 Boleslavi.\" \/>\n<meta property=\"og:url\" content=\"https:\/\/www.fyzioaj.cz\/index.php\/kontakt\/\" \/>\n<meta property=\"og:site_name\" content=\"fyzio a\u2022j\" \/>\n<meta property=\"article:publisher\" content=\"https:\/\/www.facebook.com\/fyzioaj\/\" \/>\n<meta property=\"article:modified_time\" content=\"2024-10-16T09:43:05+00:00\" \/>\n<meta name=\"twitter:card\" content=\"summary_large_image\" \/>\n<meta name=\"twitter:label1\" content=\"Odhadovan\u00e1 doba \u010dten\u00ed\" \/>\n\t<meta name=\"twitter:data1\" content=\"1 minuta\" \/>\n<script type=\"application\/ld+json\" class=\"yoast-schema-graph\">{\"@context\":\"https:\/\/schema.org\",\"@graph\":[{\"@type\":\"WebPage\",\"@id\":\"https:\/\/www.fyzioaj.cz\/index.php\/kontakt\/\",\"url\":\"https:\/\/www.fyzioaj.cz\/index.php\/kontakt\/\",\"name\":\"Kontakt - fyzio a\u2022j Mlad\u00e1 Boleslav\",\"isPartOf\":{\"@id\":\"https:\/\/www.fyzioaj.cz\/#website\"},\"datePublished\":\"2021-10-30T07:46:06+00:00\",\"dateModified\":\"2024-10-16T09:43:05+00:00\",\"description\":\"Kontakt na na\u0161e fyzioterapeuty p\u0159\u00edmo po telefonu. Domluvte si mas\u00e1\u017e a nebo fyzioterapii v centru Mlad\u00e9 Boleslavi.\",\"breadcrumb\":{\"@id\":\"https:\/\/www.fyzioaj.cz\/index.php\/kontakt\/#breadcrumb\"},\"inLanguage\":\"cs\",\"potentialAction\":[{\"@type\":\"ReadAction\",\"target\":[\"https:\/\/www.fyzioaj.cz\/index.php\/kontakt\/\"]}]},{\"@type\":\"BreadcrumbList\",\"@id\":\"https:\/\/www.fyzioaj.cz\/index.php\/kontakt\/#breadcrumb\",\"itemListElement\":[{\"@type\":\"ListItem\",\"position\":1,\"name\":\"Dom\u016f\",\"item\":\"https:\/\/www.fyzioaj.cz\/\"},{\"@type\":\"ListItem\",\"position\":2,\"name\":\"Kontakt\"}]},{\"@type\":\"WebSite\",\"@id\":\"https:\/\/www.fyzioaj.cz\/#website\",\"url\":\"https:\/\/www.fyzioaj.cz\/\",\"name\":\"fyzio a\u2022j\",\"description\":\"Fyzioterapie Mlad\u00e1 Boleslav\",\"publisher\":{\"@id\":\"https:\/\/www.fyzioaj.cz\/#organization\"},\"potentialAction\":[{\"@type\":\"SearchAction\",\"target\":{\"@type\":\"EntryPoint\",\"urlTemplate\":\"https:\/\/www.fyzioaj.cz\/?s={search_term_string}\"},\"query-input\":{\"@type\":\"PropertyValueSpecification\",\"valueRequired\":true,\"valueName\":\"search_term_string\"}}],\"inLanguage\":\"cs\"},{\"@type\":\"Organization\",\"@id\":\"https:\/\/www.fyzioaj.cz\/#organization\",\"name\":\"fyzio a\u2022j\",\"url\":\"https:\/\/www.fyzioaj.cz\/\",\"logo\":{\"@type\":\"ImageObject\",\"inLanguage\":\"cs\",\"@id\":\"https:\/\/www.fyzioaj.cz\/#\/schema\/logo\/image\/\",\"url\":\"https:\/\/www.fyzioaj.cz\/wp-content\/uploads\/2024\/02\/cropped-logo-1.png\",\"contentUrl\":\"https:\/\/www.fyzioaj.cz\/wp-content\/uploads\/2024\/02\/cropped-logo-1.png\",\"width\":250,\"height\":250,\"caption\":\"fyzio a\u2022j\"},\"image\":{\"@id\":\"https:\/\/www.fyzioaj.cz\/#\/schema\/logo\/image\/\"},\"sameAs\":[\"https:\/\/www.facebook.com\/fyzioaj\/\",\"https:\/\/www.instagram.com\/fyzioaj\/\"]}]}<\/script>\n<!-- \/ Yoast SEO plugin. -->","yoast_head_json":{"title":"Kontakt - fyzio a\u2022j Mlad\u00e1 Boleslav","description":"Kontakt na na\u0161e fyzioterapeuty p\u0159\u00edmo po telefonu. Domluvte si mas\u00e1\u017e a nebo fyzioterapii v centru Mlad\u00e9 Boleslavi.","robots":{"index":"index","follow":"follow","max-snippet":"max-snippet:-1","max-image-preview":"max-image-preview:large","max-video-preview":"max-video-preview:-1"},"canonical":"https:\/\/www.fyzioaj.cz\/index.php\/kontakt\/","og_locale":"cs_CZ","og_type":"article","og_title":"Kontakt - fyzio a\u2022j Mlad\u00e1 Boleslav","og_description":"Kontakt na na\u0161e fyzioterapeuty p\u0159\u00edmo po telefonu. Domluvte si mas\u00e1\u017e a nebo fyzioterapii v centru Mlad\u00e9 Boleslavi.","og_url":"https:\/\/www.fyzioaj.cz\/index.php\/kontakt\/","og_site_name":"fyzio a\u2022j","article_publisher":"https:\/\/www.facebook.com\/fyzioaj\/","article_modified_time":"2024-10-16T09:43:05+00:00","twitter_card":"summary_large_image","twitter_misc":{"Odhadovan\u00e1 doba \u010dten\u00ed":"1 minuta"},"schema":{"@context":"https:\/\/schema.org","@graph":[{"@type":"WebPage","@id":"https:\/\/www.fyzioaj.cz\/index.php\/kontakt\/","url":"https:\/\/www.fyzioaj.cz\/index.php\/kontakt\/","name":"Kontakt - fyzio a\u2022j Mlad\u00e1 Boleslav","isPartOf":{"@id":"https:\/\/www.fyzioaj.cz\/#website"},"datePublished":"2021-10-30T07:46:06+00:00","dateModified":"2024-10-16T09:43:05+00:00","description":"Kontakt na na\u0161e fyzioterapeuty p\u0159\u00edmo po telefonu. Domluvte si mas\u00e1\u017e a nebo fyzioterapii v centru Mlad\u00e9 Boleslavi.","breadcrumb":{"@id":"https:\/\/www.fyzioaj.cz\/index.php\/kontakt\/#breadcrumb"},"inLanguage":"cs","potentialAction":[{"@type":"ReadAction","target":["https:\/\/www.fyzioaj.cz\/index.php\/kontakt\/"]}]},{"@type":"BreadcrumbList","@id":"https:\/\/www.fyzioaj.cz\/index.php\/kontakt\/#breadcrumb","itemListElement":[{"@type":"ListItem","position":1,"name":"Dom\u016f","item":"https:\/\/www.fyzioaj.cz\/"},{"@type":"ListItem","position":2,"name":"Kontakt"}]},{"@type":"WebSite","@id":"https:\/\/www.fyzioaj.cz\/#website","url":"https:\/\/www.fyzioaj.cz\/","name":"fyzio a\u2022j","description":"Fyzioterapie Mlad\u00e1 Boleslav","publisher":{"@id":"https:\/\/www.fyzioaj.cz\/#organization"},"potentialAction":[{"@type":"SearchAction","target":{"@type":"EntryPoint","urlTemplate":"https:\/\/www.fyzioaj.cz\/?s={search_term_string}"},"query-input":{"@type":"PropertyValueSpecification","valueRequired":true,"valueName":"search_term_string"}}],"inLanguage":"cs"},{"@type":"Organization","@id":"https:\/\/www.fyzioaj.cz\/#organization","name":"fyzio a\u2022j","url":"https:\/\/www.fyzioaj.cz\/","logo":{"@type":"ImageObject","inLanguage":"cs","@id":"https:\/\/www.fyzioaj.cz\/#\/schema\/logo\/image\/","url":"https:\/\/www.fyzioaj.cz\/wp-content\/uploads\/2024\/02\/cropped-logo-1.png","contentUrl":"https:\/\/www.fyzioaj.cz\/wp-content\/uploads\/2024\/02\/cropped-logo-1.png","width":250,"height":250,"caption":"fyzio a\u2022j"},"image":{"@id":"https:\/\/www.fyzioaj.cz\/#\/schema\/logo\/image\/"},"sameAs":["https:\/\/www.facebook.com\/fyzioaj\/","https:\/\/www.instagram.com\/fyzioaj\/"]}]}},"_links":{"self":[{"href":"https:\/\/www.fyzioaj.cz\/index.php\/wp-json\/wp\/v2\/pages\/8"}],"collection":[{"href":"https:\/\/www.fyzioaj.cz\/index.php\/wp-json\/wp\/v2\/pages"}],"about":[{"href":"https:\/\/www.fyzioaj.cz\/index.php\/wp-json\/wp\/v2\/types\/page"}],"author":[{"embeddable":true,"href":"https:\/\/www.fyzioaj.cz\/index.php\/wp-json\/wp\/v2\/users\/1"}],"replies":[{"embeddable":true,"href":"https:\/\/www.fyzioaj.cz\/index.php\/wp-json\/wp\/v2\/comments?post=8"}],"version-history":[{"count":7,"href":"https:\/\/www.fyzioaj.cz\/index.php\/wp-json\/wp\/v2\/pages\/8\/revisions"}],"predecessor-version":[{"id":107,"href":"https:\/\/www.fyzioaj.cz\/index.php\/wp-json\/wp\/v2\/pages\/8\/revisions\/107"}],"wp:attachment":[{"href":"https:\/\/www.fyzioaj.cz\/index.php\/wp-json\/wp\/v2\/media?parent=8"}],"curies":[{"name":"wp","href":"https:\/\/api.w.org\/{rel}","templated":true}]}}