{"id":7,"date":"2021-10-30T07:46:06","date_gmt":"2021-10-30T07:46:06","guid":{"rendered":"http:\/\/www.fyzioaj.cz\/?page_id=7"},"modified":"2024-10-16T09:35:47","modified_gmt":"2024-10-16T09:35:47","slug":"fyzioterapeut","status":"publish","type":"page","link":"https:\/\/www.fyzioaj.cz\/index.php\/fyzioterapeut\/","title":{"rendered":"O n\u00e1s"},"content":{"rendered":"\n<h2 class=\"wp-block-heading\">Bc. Ji\u0159\u00ed Sv\u00edtek<\/h2>\n\n\n\n<ul class=\"wp-block-list\">\n<li>Absolvent bakal\u00e1\u0159sk\u00e9ho studia fyzioterapie na universit\u011b J.E. Purkyn\u011b<\/li>\n\n\n\n<li>B\u00fdval\u00fd fyzioterapeut ml\u00e1de\u017ee FKMB<\/li>\n\n\n\n<li>Zam\u011bstn\u00e1n sou\u010dasn\u011b na Klinice Dr. P\u00edrka jako fyzioterapeut na l\u016f\u017ekov\u00e9m i ambulatn\u00edm odd\u011blen\u00ed<\/li>\n\n\n\n<li>Hlavn\u00edm zam\u011b\u0159en\u00edm je:\n<ul class=\"wp-block-list\">\n<li>Klasick\u00e1 fyzioterapie se zam\u011b\u0159en\u00edm na celkov\u00e9 vy\u0161et\u0159en\u00ed klienta, m\u011bkk\u00e9 techniky, mobilizace, n\u00e1sledn\u00e9 cvi\u010den\u00ed na m\u00edru a p\u0159\u00edpadn\u00e1 aplikace elektrol\u00e9\u010dby a UZ<\/li>\n\n\n\n<li>Certifikovan\u00fd terapeut v aplikaci such\u00e9 jehly <\/li>\n\n\n\n<li>Sportovn\u00ed fyzioterapie<\/li>\n\n\n\n<li>Pevn\u00e9 tejpov\u00e1n\u00ed a kineziotaping<\/li>\n<\/ul>\n<\/li>\n<\/ul>\n\n\n\n<figure class=\"wp-block-gallery has-nested-images columns-default is-cropped wp-block-gallery-1 is-layout-flex wp-block-gallery-is-layout-flex\">\n<figure class=\"wp-block-image size-large\"><img loading=\"lazy\" decoding=\"async\" width=\"684\" height=\"1024\" data-id=\"130\" src=\"https:\/\/www.fyzioaj.cz\/wp-content\/uploads\/2024\/05\/DSC_2514-684x1024.jpg\" alt=\"\" class=\"wp-image-130\" srcset=\"https:\/\/www.fyzioaj.cz\/wp-content\/uploads\/2024\/05\/DSC_2514-684x1024.jpg 684w, https:\/\/www.fyzioaj.cz\/wp-content\/uploads\/2024\/05\/DSC_2514-200x300.jpg 200w, https:\/\/www.fyzioaj.cz\/wp-content\/uploads\/2024\/05\/DSC_2514-768x1150.jpg 768w, https:\/\/www.fyzioaj.cz\/wp-content\/uploads\/2024\/05\/DSC_2514-1025x1536.jpg 1025w, https:\/\/www.fyzioaj.cz\/wp-content\/uploads\/2024\/05\/DSC_2514-1367x2048.jpg 1367w, https:\/\/www.fyzioaj.cz\/wp-content\/uploads\/2024\/05\/DSC_2514-scaled.jpg 1709w\" sizes=\"(max-width: 684px) 100vw, 684px\" \/><\/figure>\n<\/figure>\n\n\n\n<h2 class=\"wp-block-heading\">Daniela Nov\u00e1kov\u00e1 Dis.<\/h2>\n\n\n\n<ul id=\"block-051c4f9e-1bbe-4fe1-8dc1-328ebe97758c\" class=\"wp-block-list\">\n<li>Absolventka fyzioterapie na vy\u0161\u0161\u00ed odborn\u00e9 \u0161kole<\/li>\n\n\n\n<li>D\u0159\u00edv\u011bj\u0161\u00ed zam\u011bstn\u00e1n\u00ed v Klaudi\u00e1nov\u011b nemocnici na l\u016f\u017ekov\u00e9m i ambulatn\u00edm odd\u011blen\u00ed <\/li>\n\n\n\n<li>Zam\u011bstn\u00e1na sou\u010dasn\u011b na Klinice Dr. P\u00edrka jako fyzioterapeut na l\u016f\u017ekov\u00e9m i ambulatn\u00edm odd\u011blen\u00ed<\/li>\n\n\n\n<li>Hlavn\u00edm zam\u011b\u0159en\u00edm je:\n<ul class=\"wp-block-list\">\n<li>Klasick\u00e1 fyzioterapie se zam\u011b\u0159en\u00edm na celkov\u00e9 vy\u0161et\u0159en\u00ed klienta, m\u011bkk\u00e9 techniky, mobilizace, n\u00e1sledn\u00e9 cvi\u010den\u00ed na m\u00edru a p\u0159\u00edpadn\u00e1 aplikace elektrol\u00e9\u010dby a UZ<\/li>\n\n\n\n<li>Certifikovan\u00fd terapeut Vojtovy reflexn\u00ed lokomoce pro dosp\u011bl\u00e9<\/li>\n\n\n\n<li>Manu\u00e1ln\u00ed lymfodren\u00e1\u017e<\/li>\n\n\n\n<li>Plicn\u00ed rehabilitace<\/li>\n\n\n\n<li>Cvi\u010den\u00ed t\u011bhotn\u00fdch a cvi\u010den\u00ed po porodu<\/li>\n\n\n\n<li>SM syst\u00e9m<\/li>\n\n\n\n<li>Pevn\u00e9 tejpov\u00e1n\u00ed  a kineziotaping<\/li>\n<\/ul>\n<\/li>\n<\/ul>\n\n\n\n<figure class=\"wp-block-image size-large\"><img loading=\"lazy\" decoding=\"async\" width=\"684\" height=\"1024\" src=\"https:\/\/www.fyzioaj.cz\/wp-content\/uploads\/2024\/05\/DSC_2508-1-684x1024.jpg\" alt=\"\" class=\"wp-image-132\" srcset=\"https:\/\/www.fyzioaj.cz\/wp-content\/uploads\/2024\/05\/DSC_2508-1-684x1024.jpg 684w, https:\/\/www.fyzioaj.cz\/wp-content\/uploads\/2024\/05\/DSC_2508-1-200x300.jpg 200w, https:\/\/www.fyzioaj.cz\/wp-content\/uploads\/2024\/05\/DSC_2508-1-768x1150.jpg 768w, https:\/\/www.fyzioaj.cz\/wp-content\/uploads\/2024\/05\/DSC_2508-1-1025x1536.jpg 1025w, https:\/\/www.fyzioaj.cz\/wp-content\/uploads\/2024\/05\/DSC_2508-1-1367x2048.jpg 1367w, https:\/\/www.fyzioaj.cz\/wp-content\/uploads\/2024\/05\/DSC_2508-1-scaled.jpg 1709w\" sizes=\"(max-width: 684px) 100vw, 684px\" \/><figcaption class=\"wp-element-caption\"> <\/figcaption><\/figure>\n\n\n\n<p><\/p>\n\n\n\n<h2 class=\"wp-block-heading\">Bc. Anna Sv\u00edtkov\u00e1<\/h2>\n\n\n\n<ul id=\"block-051c4f9e-1bbe-4fe1-8dc1-328ebe97758c\" class=\"wp-block-list\">\n<li>Absolvent bakal\u00e1\u0159sk\u00e9ho studia fyzioterapie na universit\u011b J.E. Purkyn\u011b<\/li>\n\n\n\n<li>B\u00fdval\u00e1 mas\u00e9rka a fyzioterapeutka A t\u00fdmu Florbal Mlad\u00e1 Boleslav<\/li>\n\n\n\n<li>Zam\u011bstn\u00e1n sou\u010dasn\u011b na Klinice Dr. P\u00edrka jako fyzioterapeut na l\u016f\u017ekov\u00e9m i ambulatn\u00edm odd\u011blen\u00ed<\/li>\n\n\n\n<li>Hlavn\u00edm zam\u011b\u0159en\u00edm je:\n<ul class=\"wp-block-list\">\n<li>Klasick\u00e1 fyzioterapie se zam\u011b\u0159en\u00edm na celkov\u00e9 vy\u0161et\u0159en\u00ed klienta, m\u011bkk\u00e9 techniky, mobilizace, n\u00e1sledn\u00e9 cvi\u010den\u00ed na m\u00edru a p\u0159\u00edpadn\u00e1 aplikace elektrol\u00e9\u010dby a UZ<\/li>\n\n\n\n<li>Certifikovan\u00fd terapeut metody Akr\u00e1ln\u00ed koaktiva\u010dn\u00ed terapie <\/li>\n\n\n\n<li>SM syst\u00e9m<\/li>\n\n\n\n<li>Mobilizace kostr\u010de per rectum <\/li>\n\n\n\n<li>Pevn\u00e9 tejpov\u00e1n\u00ed a kineziotaping<\/li>\n<\/ul>\n<\/li>\n<\/ul>\n\n\n\n<figure class=\"wp-block-image size-large\"><img loading=\"lazy\" decoding=\"async\" width=\"684\" height=\"1024\" src=\"https:\/\/www.fyzioaj.cz\/wp-content\/uploads\/2024\/05\/DSC_2496-684x1024.jpg\" alt=\"\" class=\"wp-image-133\" srcset=\"https:\/\/www.fyzioaj.cz\/wp-content\/uploads\/2024\/05\/DSC_2496-684x1024.jpg 684w, https:\/\/www.fyzioaj.cz\/wp-content\/uploads\/2024\/05\/DSC_2496-200x300.jpg 200w, https:\/\/www.fyzioaj.cz\/wp-content\/uploads\/2024\/05\/DSC_2496-768x1150.jpg 768w, https:\/\/www.fyzioaj.cz\/wp-content\/uploads\/2024\/05\/DSC_2496-1025x1536.jpg 1025w, https:\/\/www.fyzioaj.cz\/wp-content\/uploads\/2024\/05\/DSC_2496-1367x2048.jpg 1367w, https:\/\/www.fyzioaj.cz\/wp-content\/uploads\/2024\/05\/DSC_2496-scaled.jpg 1709w\" sizes=\"(max-width: 684px) 100vw, 684px\" \/><\/figure>\n\n\n\n<p><\/p>\n","protected":false},"excerpt":{"rendered":"<p>Bc. Ji\u0159\u00ed Sv\u00edtek Daniela Nov\u00e1kov\u00e1 Dis. Bc. Anna Sv\u00edtkov\u00e1<\/p>\n","protected":false},"author":1,"featured_media":0,"parent":0,"menu_order":0,"comment_status":"closed","ping_status":"closed","template":"","meta":{"footnotes":""},"class_list":["post-7","page","type-page","status-publish","hentry"],"yoast_head":"<!-- This site is optimized with the Yoast SEO plugin v23.6 - https:\/\/yoast.com\/wordpress\/plugins\/seo\/ -->\n<title>O n\u00e1s - fyzio a\u2022j - V\u00e1\u0161 fyzioterapeut<\/title>\n<meta name=\"description\" content=\"Seznamte se s na\u0161imi fyzioterapeuty, jejich zam\u011b\u0159en\u00edm a odbornost\u00ed, je\u0161t\u011b ne\u017e n\u00e1s nav\u0161t\u00edv\u00edte ve fyzio a\u2022j v centru Mlad\u00e9 Boleslavi!\" \/>\n<meta name=\"robots\" content=\"index, follow, max-snippet:-1, max-image-preview:large, max-video-preview:-1\" \/>\n<link rel=\"canonical\" href=\"https:\/\/www.fyzioaj.cz\/index.php\/fyzioterapeut\/\" \/>\n<meta property=\"og:locale\" content=\"cs_CZ\" \/>\n<meta property=\"og:type\" content=\"article\" \/>\n<meta property=\"og:title\" content=\"O n\u00e1s - fyzio a\u2022j - V\u00e1\u0161 fyzioterapeut\" \/>\n<meta property=\"og:description\" content=\"Seznamte se s na\u0161imi fyzioterapeuty, jejich zam\u011b\u0159en\u00edm a odbornost\u00ed, je\u0161t\u011b ne\u017e n\u00e1s nav\u0161t\u00edv\u00edte ve fyzio a\u2022j v centru Mlad\u00e9 Boleslavi!\" \/>\n<meta property=\"og:url\" content=\"https:\/\/www.fyzioaj.cz\/index.php\/fyzioterapeut\/\" \/>\n<meta property=\"og:site_name\" content=\"fyzio a\u2022j\" \/>\n<meta property=\"article:publisher\" content=\"https:\/\/www.facebook.com\/fyzioaj\/\" \/>\n<meta property=\"article:modified_time\" content=\"2024-10-16T09:35:47+00:00\" \/>\n<meta property=\"og:image\" content=\"https:\/\/www.fyzioaj.cz\/wp-content\/uploads\/2024\/05\/DSC_2514-684x1024.jpg\" \/>\n<meta name=\"twitter:card\" content=\"summary_large_image\" \/>\n<meta name=\"twitter:label1\" content=\"Odhadovan\u00e1 doba \u010dten\u00ed\" \/>\n\t<meta name=\"twitter:data1\" content=\"2 minuty\" \/>\n<script type=\"application\/ld+json\" class=\"yoast-schema-graph\">{\"@context\":\"https:\/\/schema.org\",\"@graph\":[{\"@type\":\"WebPage\",\"@id\":\"https:\/\/www.fyzioaj.cz\/index.php\/fyzioterapeut\/\",\"url\":\"https:\/\/www.fyzioaj.cz\/index.php\/fyzioterapeut\/\",\"name\":\"O n\u00e1s - fyzio a\u2022j - V\u00e1\u0161 fyzioterapeut\",\"isPartOf\":{\"@id\":\"https:\/\/www.fyzioaj.cz\/#website\"},\"primaryImageOfPage\":{\"@id\":\"https:\/\/www.fyzioaj.cz\/index.php\/fyzioterapeut\/#primaryimage\"},\"image\":{\"@id\":\"https:\/\/www.fyzioaj.cz\/index.php\/fyzioterapeut\/#primaryimage\"},\"thumbnailUrl\":\"https:\/\/www.fyzioaj.cz\/wp-content\/uploads\/2024\/05\/DSC_2514-684x1024.jpg\",\"datePublished\":\"2021-10-30T07:46:06+00:00\",\"dateModified\":\"2024-10-16T09:35:47+00:00\",\"description\":\"Seznamte se s na\u0161imi fyzioterapeuty, jejich zam\u011b\u0159en\u00edm a odbornost\u00ed, je\u0161t\u011b ne\u017e n\u00e1s nav\u0161t\u00edv\u00edte ve fyzio a\u2022j v centru Mlad\u00e9 Boleslavi!\",\"breadcrumb\":{\"@id\":\"https:\/\/www.fyzioaj.cz\/index.php\/fyzioterapeut\/#breadcrumb\"},\"inLanguage\":\"cs\",\"potentialAction\":[{\"@type\":\"ReadAction\",\"target\":[\"https:\/\/www.fyzioaj.cz\/index.php\/fyzioterapeut\/\"]}]},{\"@type\":\"ImageObject\",\"inLanguage\":\"cs\",\"@id\":\"https:\/\/www.fyzioaj.cz\/index.php\/fyzioterapeut\/#primaryimage\",\"url\":\"https:\/\/www.fyzioaj.cz\/wp-content\/uploads\/2024\/05\/DSC_2514-scaled.jpg\",\"contentUrl\":\"https:\/\/www.fyzioaj.cz\/wp-content\/uploads\/2024\/05\/DSC_2514-scaled.jpg\",\"width\":1709,\"height\":2560},{\"@type\":\"BreadcrumbList\",\"@id\":\"https:\/\/www.fyzioaj.cz\/index.php\/fyzioterapeut\/#breadcrumb\",\"itemListElement\":[{\"@type\":\"ListItem\",\"position\":1,\"name\":\"Dom\u016f\",\"item\":\"https:\/\/www.fyzioaj.cz\/\"},{\"@type\":\"ListItem\",\"position\":2,\"name\":\"O n\u00e1s\"}]},{\"@type\":\"WebSite\",\"@id\":\"https:\/\/www.fyzioaj.cz\/#website\",\"url\":\"https:\/\/www.fyzioaj.cz\/\",\"name\":\"fyzio a\u2022j\",\"description\":\"Fyzioterapie Mlad\u00e1 Boleslav\",\"publisher\":{\"@id\":\"https:\/\/www.fyzioaj.cz\/#organization\"},\"potentialAction\":[{\"@type\":\"SearchAction\",\"target\":{\"@type\":\"EntryPoint\",\"urlTemplate\":\"https:\/\/www.fyzioaj.cz\/?s={search_term_string}\"},\"query-input\":{\"@type\":\"PropertyValueSpecification\",\"valueRequired\":true,\"valueName\":\"search_term_string\"}}],\"inLanguage\":\"cs\"},{\"@type\":\"Organization\",\"@id\":\"https:\/\/www.fyzioaj.cz\/#organization\",\"name\":\"fyzio a\u2022j\",\"url\":\"https:\/\/www.fyzioaj.cz\/\",\"logo\":{\"@type\":\"ImageObject\",\"inLanguage\":\"cs\",\"@id\":\"https:\/\/www.fyzioaj.cz\/#\/schema\/logo\/image\/\",\"url\":\"https:\/\/www.fyzioaj.cz\/wp-content\/uploads\/2024\/02\/cropped-logo-1.png\",\"contentUrl\":\"https:\/\/www.fyzioaj.cz\/wp-content\/uploads\/2024\/02\/cropped-logo-1.png\",\"width\":250,\"height\":250,\"caption\":\"fyzio a\u2022j\"},\"image\":{\"@id\":\"https:\/\/www.fyzioaj.cz\/#\/schema\/logo\/image\/\"},\"sameAs\":[\"https:\/\/www.facebook.com\/fyzioaj\/\",\"https:\/\/www.instagram.com\/fyzioaj\/\"]}]}<\/script>\n<!-- \/ Yoast SEO plugin. -->","yoast_head_json":{"title":"O n\u00e1s - fyzio a\u2022j - V\u00e1\u0161 fyzioterapeut","description":"Seznamte se s na\u0161imi fyzioterapeuty, jejich zam\u011b\u0159en\u00edm a odbornost\u00ed, je\u0161t\u011b ne\u017e n\u00e1s nav\u0161t\u00edv\u00edte ve fyzio a\u2022j v centru Mlad\u00e9 Boleslavi!","robots":{"index":"index","follow":"follow","max-snippet":"max-snippet:-1","max-image-preview":"max-image-preview:large","max-video-preview":"max-video-preview:-1"},"canonical":"https:\/\/www.fyzioaj.cz\/index.php\/fyzioterapeut\/","og_locale":"cs_CZ","og_type":"article","og_title":"O n\u00e1s - fyzio a\u2022j - V\u00e1\u0161 fyzioterapeut","og_description":"Seznamte se s na\u0161imi fyzioterapeuty, jejich zam\u011b\u0159en\u00edm a odbornost\u00ed, je\u0161t\u011b ne\u017e n\u00e1s nav\u0161t\u00edv\u00edte ve fyzio a\u2022j v centru Mlad\u00e9 Boleslavi!","og_url":"https:\/\/www.fyzioaj.cz\/index.php\/fyzioterapeut\/","og_site_name":"fyzio a\u2022j","article_publisher":"https:\/\/www.facebook.com\/fyzioaj\/","article_modified_time":"2024-10-16T09:35:47+00:00","og_image":[{"url":"https:\/\/www.fyzioaj.cz\/wp-content\/uploads\/2024\/05\/DSC_2514-684x1024.jpg"}],"twitter_card":"summary_large_image","twitter_misc":{"Odhadovan\u00e1 doba \u010dten\u00ed":"2 minuty"},"schema":{"@context":"https:\/\/schema.org","@graph":[{"@type":"WebPage","@id":"https:\/\/www.fyzioaj.cz\/index.php\/fyzioterapeut\/","url":"https:\/\/www.fyzioaj.cz\/index.php\/fyzioterapeut\/","name":"O n\u00e1s - fyzio a\u2022j - V\u00e1\u0161 fyzioterapeut","isPartOf":{"@id":"https:\/\/www.fyzioaj.cz\/#website"},"primaryImageOfPage":{"@id":"https:\/\/www.fyzioaj.cz\/index.php\/fyzioterapeut\/#primaryimage"},"image":{"@id":"https:\/\/www.fyzioaj.cz\/index.php\/fyzioterapeut\/#primaryimage"},"thumbnailUrl":"https:\/\/www.fyzioaj.cz\/wp-content\/uploads\/2024\/05\/DSC_2514-684x1024.jpg","datePublished":"2021-10-30T07:46:06+00:00","dateModified":"2024-10-16T09:35:47+00:00","description":"Seznamte se s na\u0161imi fyzioterapeuty, jejich zam\u011b\u0159en\u00edm a odbornost\u00ed, je\u0161t\u011b ne\u017e n\u00e1s nav\u0161t\u00edv\u00edte ve fyzio a\u2022j v centru Mlad\u00e9 Boleslavi!","breadcrumb":{"@id":"https:\/\/www.fyzioaj.cz\/index.php\/fyzioterapeut\/#breadcrumb"},"inLanguage":"cs","potentialAction":[{"@type":"ReadAction","target":["https:\/\/www.fyzioaj.cz\/index.php\/fyzioterapeut\/"]}]},{"@type":"ImageObject","inLanguage":"cs","@id":"https:\/\/www.fyzioaj.cz\/index.php\/fyzioterapeut\/#primaryimage","url":"https:\/\/www.fyzioaj.cz\/wp-content\/uploads\/2024\/05\/DSC_2514-scaled.jpg","contentUrl":"https:\/\/www.fyzioaj.cz\/wp-content\/uploads\/2024\/05\/DSC_2514-scaled.jpg","width":1709,"height":2560},{"@type":"BreadcrumbList","@id":"https:\/\/www.fyzioaj.cz\/index.php\/fyzioterapeut\/#breadcrumb","itemListElement":[{"@type":"ListItem","position":1,"name":"Dom\u016f","item":"https:\/\/www.fyzioaj.cz\/"},{"@type":"ListItem","position":2,"name":"O n\u00e1s"}]},{"@type":"WebSite","@id":"https:\/\/www.fyzioaj.cz\/#website","url":"https:\/\/www.fyzioaj.cz\/","name":"fyzio a\u2022j","description":"Fyzioterapie Mlad\u00e1 Boleslav","publisher":{"@id":"https:\/\/www.fyzioaj.cz\/#organization"},"potentialAction":[{"@type":"SearchAction","target":{"@type":"EntryPoint","urlTemplate":"https:\/\/www.fyzioaj.cz\/?s={search_term_string}"},"query-input":{"@type":"PropertyValueSpecification","valueRequired":true,"valueName":"search_term_string"}}],"inLanguage":"cs"},{"@type":"Organization","@id":"https:\/\/www.fyzioaj.cz\/#organization","name":"fyzio a\u2022j","url":"https:\/\/www.fyzioaj.cz\/","logo":{"@type":"ImageObject","inLanguage":"cs","@id":"https:\/\/www.fyzioaj.cz\/#\/schema\/logo\/image\/","url":"https:\/\/www.fyzioaj.cz\/wp-content\/uploads\/2024\/02\/cropped-logo-1.png","contentUrl":"https:\/\/www.fyzioaj.cz\/wp-content\/uploads\/2024\/02\/cropped-logo-1.png","width":250,"height":250,"caption":"fyzio a\u2022j"},"image":{"@id":"https:\/\/www.fyzioaj.cz\/#\/schema\/logo\/image\/"},"sameAs":["https:\/\/www.facebook.com\/fyzioaj\/","https:\/\/www.instagram.com\/fyzioaj\/"]}]}},"_links":{"self":[{"href":"https:\/\/www.fyzioaj.cz\/index.php\/wp-json\/wp\/v2\/pages\/7"}],"collection":[{"href":"https:\/\/www.fyzioaj.cz\/index.php\/wp-json\/wp\/v2\/pages"}],"about":[{"href":"https:\/\/www.fyzioaj.cz\/index.php\/wp-json\/wp\/v2\/types\/page"}],"author":[{"embeddable":true,"href":"https:\/\/www.fyzioaj.cz\/index.php\/wp-json\/wp\/v2\/users\/1"}],"replies":[{"embeddable":true,"href":"https:\/\/www.fyzioaj.cz\/index.php\/wp-json\/wp\/v2\/comments?post=7"}],"version-history":[{"count":6,"href":"https:\/\/www.fyzioaj.cz\/index.php\/wp-json\/wp\/v2\/pages\/7\/revisions"}],"predecessor-version":[{"id":150,"href":"https:\/\/www.fyzioaj.cz\/index.php\/wp-json\/wp\/v2\/pages\/7\/revisions\/150"}],"wp:attachment":[{"href":"https:\/\/www.fyzioaj.cz\/index.php\/wp-json\/wp\/v2\/media?parent=7"}],"curies":[{"name":"wp","href":"https:\/\/api.w.org\/{rel}","templated":true}]}}