{"id":56,"date":"2021-10-30T08:27:41","date_gmt":"2021-10-30T08:27:41","guid":{"rendered":"http:\/\/www.fyzioaj.cz\/?page_id=56"},"modified":"2024-10-16T09:26:48","modified_gmt":"2024-10-16T09:26:48","slug":"online-rezervace","status":"publish","type":"page","link":"https:\/\/www.fyzioaj.cz\/index.php\/online-rezervace\/","title":{"rendered":"Online rezervace"},"content":{"rendered":"\n<p>Online rezervace je nez\u00e1vazn\u00e1, pro up\u0159esn\u011bn\u00ed a potvrzen\u00ed term\u00ednu V\u00e1s budeme kontaktovat.<\/p>\n\n\n\n<div style=\"height:25px\" aria-hidden=\"true\" class=\"wp-block-spacer\"><\/div>\n\n\n\n<div class=\"forminator-guttenberg\"><div class=\"forminator-ui forminator-custom-form forminator-custom-form-105 forminator-design--default  forminator_ajax\" data-forminator-render=\"0\" data-form=\"forminator-module-105\"><br\/><\/div><form\n\t\t\t\tid=\"forminator-module-105\"\n\t\t\t\tclass=\"forminator-ui forminator-custom-form forminator-custom-form-105 forminator-design--default  forminator_ajax\"\n\t\t\t\tmethod=\"post\"\n\t\t\t\tdata-forminator-render=\"0\"\n\t\t\t\tdata-form-id=\"105\"\n\t\t\t\t\n\t\t\t\tdata-design=\"default\"\n\t\t\t\t\n\t\t\t\t\n\t\t\t\t\n\t\t\t\tdata-grid=\"open\"\n\t\t\t\t\n\t\t\t\t\n\t\t\t\tstyle=\"display: none;\"\n\t\t\t><div class=\"forminator-response-message forminator-error\" aria-hidden=\"true\"><\/div><div class=\"forminator-row\"><div id=\"select-1\" class=\"forminator-col forminator-col-12 \"><div class=\"forminator-field\"><label for=\"forminator-form-105__field--select-1-label\" class=\"forminator-label\">Fyzioterapeut <span class=\"forminator-required\">*<\/span><\/label><select id=\"forminator-form-105__field--select-1\" class=\"forminator-select--field forminator-select2\" data-required=\"1\" name=\"select-1\" data-default-value=\"Daniela-Nov\u00e1kov\u00e1\" data-placeholder=\"Fyzioterapeut\" data-search=\"false\"><option value=\"\">Fyzioterapeut<\/option><option value=\"Daniela-Nov\u00e1kov\u00e1\" selected=\"selected\" data-calculation=\"0\">Daniela Nov\u00e1kov\u00e1<\/option><\/select><span class=\"forminator-description\" aria-describedby=\"\">Vyber V\u00e1mi preferovan\u00e9ho fyzioterapeuta<\/span><\/div><\/div><\/div><div class=\"forminator-row\"><div id=\"name-1\" class=\"forminator-col forminator-col-12 \"><div class=\"forminator-field\"><label for=\"forminator-field-name-1\" class=\"forminator-label\">Jm\u00e9no <span class=\"forminator-required\">*<\/span><\/label><input type=\"text\" name=\"name-1\" value=\"\" placeholder=\"Nap\u0159. Jan Nov\u00e1k\" id=\"forminator-field-name-1\" class=\"forminator-input forminator-name--field\" aria-required=\"true\" \/><\/div><\/div><\/div><div class=\"forminator-row\"><div id=\"phone-1\" class=\"forminator-col forminator-col-12 \"><div class=\"forminator-field\"><label for=\"forminator-field-phone-1\" class=\"forminator-label\">Telefon <span class=\"forminator-required\">*<\/span><\/label><input type=\"text\" name=\"phone-1\" value=\"\" placeholder=\"Nap\u0159. +420 300 400 500\" id=\"forminator-field-phone-1\" class=\"forminator-input forminator-field--phone\" data-required=\"1\" aria-required=\"true\" autocomplete=\"off\" \/><span class=\"forminator-description\">Abychom V\u00e1s mohli kontaktovat<\/span><\/div><\/div><\/div><div class=\"forminator-row\"><div id=\"text-1\" class=\"forminator-col forminator-col-12 \"><div class=\"forminator-field\"><label for=\"forminator-field-text-1\" class=\"forminator-label\">Zpr\u00e1va pro terapeuta <span class=\"forminator-required\">*<\/span><\/label><input type=\"text\" name=\"text-1\" value=\"\" placeholder=\"Nap\u0159. Tr\u00e1p\u00ed m\u011b bolest zad\" id=\"forminator-field-text-1\" class=\"forminator-input forminator-name--field\" data-required=\"1\" \/><span class=\"forminator-description\">Stru\u010dn\u011b popi\u0161te V\u00e1\u0161 probl\u00e9m<\/span><\/div><\/div><\/div><input type=\"hidden\" name=\"referer_url\" value=\"\" \/><div class=\"forminator-row forminator-row-last\"><div class=\"forminator-col\"><div class=\"forminator-field\"><button class=\"forminator-button forminator-button-submit\">Poslat zpr&aacute;vu<\/button><\/div><\/div><\/div><input type=\"hidden\" id=\"forminator_nonce\" name=\"forminator_nonce\" value=\"0a87f3b49e\" \/><input type=\"hidden\" name=\"_wp_http_referer\" value=\"\/index.php\/wp-json\/wp\/v2\/pages\/56\" \/><input type=\"hidden\" name=\"form_id\" value=\"105\"><input type=\"hidden\" name=\"page_id\" value=\"56\"><input type=\"hidden\" name=\"form_type\" value=\"default\"><input type=\"hidden\" name=\"current_url\" value=\"https:\/\/www.fyzioaj.cz\/wp-json\/wp\/v2\/pages\/56\/\"><input type=\"hidden\" name=\"render_id\" value=\"0\"><input type=\"hidden\" name=\"action\" value=\"forminator_submit_form_custom-forms\"><\/form><\/div>\n\n\n\n<p><\/p>\n","protected":false},"excerpt":{"rendered":"<p>Online rezervace je nez\u00e1vazn\u00e1, pro up\u0159esn\u011bn\u00ed a potvrzen\u00ed term\u00ednu V\u00e1s budeme kontaktovat.<\/p>\n","protected":false},"author":1,"featured_media":0,"parent":0,"menu_order":0,"comment_status":"closed","ping_status":"closed","template":"","meta":{"footnotes":""},"class_list":["post-56","page","type-page","status-publish","hentry"],"yoast_head":"<!-- This site is optimized with the Yoast SEO plugin v23.6 - https:\/\/yoast.com\/wordpress\/plugins\/seo\/ -->\n<title>Online rezervace - fyzio a\u2022j<\/title>\n<meta name=\"description\" content=\"Online rezervace u fyzio a\u2022j v centru Mlad\u00e9 Boleslavi. Rezervujte si online sportovn\u00ed, rekondi\u010dn\u00ed a relaxa\u010dn\u00ed mas\u00e1\u017ee, fyzio a v\u00edce.\" \/>\n<meta name=\"robots\" content=\"index, follow, max-snippet:-1, max-image-preview:large, max-video-preview:-1\" \/>\n<link rel=\"canonical\" href=\"https:\/\/www.fyzioaj.cz\/index.php\/online-rezervace\/\" \/>\n<meta property=\"og:locale\" content=\"cs_CZ\" \/>\n<meta property=\"og:type\" content=\"article\" \/>\n<meta property=\"og:title\" content=\"Online rezervace - fyzio a\u2022j\" \/>\n<meta property=\"og:description\" content=\"Online rezervace u fyzio a\u2022j v centru Mlad\u00e9 Boleslavi. Rezervujte si online sportovn\u00ed, rekondi\u010dn\u00ed a relaxa\u010dn\u00ed mas\u00e1\u017ee, fyzio a v\u00edce.\" \/>\n<meta property=\"og:url\" content=\"https:\/\/www.fyzioaj.cz\/index.php\/online-rezervace\/\" \/>\n<meta property=\"og:site_name\" content=\"fyzio a\u2022j\" \/>\n<meta property=\"article:publisher\" content=\"https:\/\/www.facebook.com\/fyzioaj\/\" \/>\n<meta property=\"article:modified_time\" content=\"2024-10-16T09:26:48+00:00\" \/>\n<meta name=\"twitter:card\" content=\"summary_large_image\" \/>\n<meta name=\"twitter:label1\" content=\"Odhadovan\u00e1 doba \u010dten\u00ed\" \/>\n\t<meta name=\"twitter:data1\" content=\"1 minuta\" \/>\n<script type=\"application\/ld+json\" class=\"yoast-schema-graph\">{\"@context\":\"https:\/\/schema.org\",\"@graph\":[{\"@type\":\"WebPage\",\"@id\":\"https:\/\/www.fyzioaj.cz\/index.php\/online-rezervace\/\",\"url\":\"https:\/\/www.fyzioaj.cz\/index.php\/online-rezervace\/\",\"name\":\"Online rezervace - fyzio a\u2022j\",\"isPartOf\":{\"@id\":\"https:\/\/www.fyzioaj.cz\/#website\"},\"datePublished\":\"2021-10-30T08:27:41+00:00\",\"dateModified\":\"2024-10-16T09:26:48+00:00\",\"description\":\"Online rezervace u fyzio a\u2022j v centru Mlad\u00e9 Boleslavi. Rezervujte si online sportovn\u00ed, rekondi\u010dn\u00ed a relaxa\u010dn\u00ed mas\u00e1\u017ee, fyzio a v\u00edce.\",\"breadcrumb\":{\"@id\":\"https:\/\/www.fyzioaj.cz\/index.php\/online-rezervace\/#breadcrumb\"},\"inLanguage\":\"cs\",\"potentialAction\":[{\"@type\":\"ReadAction\",\"target\":[\"https:\/\/www.fyzioaj.cz\/index.php\/online-rezervace\/\"]}]},{\"@type\":\"BreadcrumbList\",\"@id\":\"https:\/\/www.fyzioaj.cz\/index.php\/online-rezervace\/#breadcrumb\",\"itemListElement\":[{\"@type\":\"ListItem\",\"position\":1,\"name\":\"Dom\u016f\",\"item\":\"https:\/\/www.fyzioaj.cz\/\"},{\"@type\":\"ListItem\",\"position\":2,\"name\":\"Online rezervace\"}]},{\"@type\":\"WebSite\",\"@id\":\"https:\/\/www.fyzioaj.cz\/#website\",\"url\":\"https:\/\/www.fyzioaj.cz\/\",\"name\":\"fyzio a\u2022j\",\"description\":\"Fyzioterapie Mlad\u00e1 Boleslav\",\"publisher\":{\"@id\":\"https:\/\/www.fyzioaj.cz\/#organization\"},\"potentialAction\":[{\"@type\":\"SearchAction\",\"target\":{\"@type\":\"EntryPoint\",\"urlTemplate\":\"https:\/\/www.fyzioaj.cz\/?s={search_term_string}\"},\"query-input\":{\"@type\":\"PropertyValueSpecification\",\"valueRequired\":true,\"valueName\":\"search_term_string\"}}],\"inLanguage\":\"cs\"},{\"@type\":\"Organization\",\"@id\":\"https:\/\/www.fyzioaj.cz\/#organization\",\"name\":\"fyzio a\u2022j\",\"url\":\"https:\/\/www.fyzioaj.cz\/\",\"logo\":{\"@type\":\"ImageObject\",\"inLanguage\":\"cs\",\"@id\":\"https:\/\/www.fyzioaj.cz\/#\/schema\/logo\/image\/\",\"url\":\"https:\/\/www.fyzioaj.cz\/wp-content\/uploads\/2024\/02\/cropped-logo-1.png\",\"contentUrl\":\"https:\/\/www.fyzioaj.cz\/wp-content\/uploads\/2024\/02\/cropped-logo-1.png\",\"width\":250,\"height\":250,\"caption\":\"fyzio a\u2022j\"},\"image\":{\"@id\":\"https:\/\/www.fyzioaj.cz\/#\/schema\/logo\/image\/\"},\"sameAs\":[\"https:\/\/www.facebook.com\/fyzioaj\/\",\"https:\/\/www.instagram.com\/fyzioaj\/\"]}]}<\/script>\n<!-- \/ Yoast SEO plugin. -->","yoast_head_json":{"title":"Online rezervace - fyzio a\u2022j","description":"Online rezervace u fyzio a\u2022j v centru Mlad\u00e9 Boleslavi. Rezervujte si online sportovn\u00ed, rekondi\u010dn\u00ed a relaxa\u010dn\u00ed mas\u00e1\u017ee, fyzio a v\u00edce.","robots":{"index":"index","follow":"follow","max-snippet":"max-snippet:-1","max-image-preview":"max-image-preview:large","max-video-preview":"max-video-preview:-1"},"canonical":"https:\/\/www.fyzioaj.cz\/index.php\/online-rezervace\/","og_locale":"cs_CZ","og_type":"article","og_title":"Online rezervace - fyzio a\u2022j","og_description":"Online rezervace u fyzio a\u2022j v centru Mlad\u00e9 Boleslavi. Rezervujte si online sportovn\u00ed, rekondi\u010dn\u00ed a relaxa\u010dn\u00ed mas\u00e1\u017ee, fyzio a v\u00edce.","og_url":"https:\/\/www.fyzioaj.cz\/index.php\/online-rezervace\/","og_site_name":"fyzio a\u2022j","article_publisher":"https:\/\/www.facebook.com\/fyzioaj\/","article_modified_time":"2024-10-16T09:26:48+00:00","twitter_card":"summary_large_image","twitter_misc":{"Odhadovan\u00e1 doba \u010dten\u00ed":"1 minuta"},"schema":{"@context":"https:\/\/schema.org","@graph":[{"@type":"WebPage","@id":"https:\/\/www.fyzioaj.cz\/index.php\/online-rezervace\/","url":"https:\/\/www.fyzioaj.cz\/index.php\/online-rezervace\/","name":"Online rezervace - fyzio a\u2022j","isPartOf":{"@id":"https:\/\/www.fyzioaj.cz\/#website"},"datePublished":"2021-10-30T08:27:41+00:00","dateModified":"2024-10-16T09:26:48+00:00","description":"Online rezervace u fyzio a\u2022j v centru Mlad\u00e9 Boleslavi. Rezervujte si online sportovn\u00ed, rekondi\u010dn\u00ed a relaxa\u010dn\u00ed mas\u00e1\u017ee, fyzio a v\u00edce.","breadcrumb":{"@id":"https:\/\/www.fyzioaj.cz\/index.php\/online-rezervace\/#breadcrumb"},"inLanguage":"cs","potentialAction":[{"@type":"ReadAction","target":["https:\/\/www.fyzioaj.cz\/index.php\/online-rezervace\/"]}]},{"@type":"BreadcrumbList","@id":"https:\/\/www.fyzioaj.cz\/index.php\/online-rezervace\/#breadcrumb","itemListElement":[{"@type":"ListItem","position":1,"name":"Dom\u016f","item":"https:\/\/www.fyzioaj.cz\/"},{"@type":"ListItem","position":2,"name":"Online rezervace"}]},{"@type":"WebSite","@id":"https:\/\/www.fyzioaj.cz\/#website","url":"https:\/\/www.fyzioaj.cz\/","name":"fyzio a\u2022j","description":"Fyzioterapie Mlad\u00e1 Boleslav","publisher":{"@id":"https:\/\/www.fyzioaj.cz\/#organization"},"potentialAction":[{"@type":"SearchAction","target":{"@type":"EntryPoint","urlTemplate":"https:\/\/www.fyzioaj.cz\/?s={search_term_string}"},"query-input":{"@type":"PropertyValueSpecification","valueRequired":true,"valueName":"search_term_string"}}],"inLanguage":"cs"},{"@type":"Organization","@id":"https:\/\/www.fyzioaj.cz\/#organization","name":"fyzio a\u2022j","url":"https:\/\/www.fyzioaj.cz\/","logo":{"@type":"ImageObject","inLanguage":"cs","@id":"https:\/\/www.fyzioaj.cz\/#\/schema\/logo\/image\/","url":"https:\/\/www.fyzioaj.cz\/wp-content\/uploads\/2024\/02\/cropped-logo-1.png","contentUrl":"https:\/\/www.fyzioaj.cz\/wp-content\/uploads\/2024\/02\/cropped-logo-1.png","width":250,"height":250,"caption":"fyzio a\u2022j"},"image":{"@id":"https:\/\/www.fyzioaj.cz\/#\/schema\/logo\/image\/"},"sameAs":["https:\/\/www.facebook.com\/fyzioaj\/","https:\/\/www.instagram.com\/fyzioaj\/"]}]}},"_links":{"self":[{"href":"https:\/\/www.fyzioaj.cz\/index.php\/wp-json\/wp\/v2\/pages\/56"}],"collection":[{"href":"https:\/\/www.fyzioaj.cz\/index.php\/wp-json\/wp\/v2\/pages"}],"about":[{"href":"https:\/\/www.fyzioaj.cz\/index.php\/wp-json\/wp\/v2\/types\/page"}],"author":[{"embeddable":true,"href":"https:\/\/www.fyzioaj.cz\/index.php\/wp-json\/wp\/v2\/users\/1"}],"replies":[{"embeddable":true,"href":"https:\/\/www.fyzioaj.cz\/index.php\/wp-json\/wp\/v2\/comments?post=56"}],"version-history":[{"count":7,"href":"https:\/\/www.fyzioaj.cz\/index.php\/wp-json\/wp\/v2\/pages\/56\/revisions"}],"predecessor-version":[{"id":148,"href":"https:\/\/www.fyzioaj.cz\/index.php\/wp-json\/wp\/v2\/pages\/56\/revisions\/148"}],"wp:attachment":[{"href":"https:\/\/www.fyzioaj.cz\/index.php\/wp-json\/wp\/v2\/media?parent=56"}],"curies":[{"name":"wp","href":"https:\/\/api.w.org\/{rel}","templated":true}]}}