{"id":51,"date":"2021-10-30T08:21:47","date_gmt":"2021-10-30T08:21:47","guid":{"rendered":"http:\/\/www.fyzioaj.cz\/?page_id=51"},"modified":"2024-10-16T09:22:11","modified_gmt":"2024-10-16T09:22:11","slug":"fyzioterapie","status":"publish","type":"page","link":"https:\/\/www.fyzioaj.cz\/index.php\/fyzioterapie\/","title":{"rendered":"Slu\u017eby"},"content":{"rendered":"\n<p><strong>Fyzioterapie<\/strong><\/p>\n\n\n\n<p>Komplexn\u00ed vy\u0161et\u0159en\u00ed pohybov\u00e9ho syst\u00e9mu<br><br>Sestaven\u00ed individu\u00e1ln\u00edho fyzioterapeutick\u00e9ho pl\u00e1nu<\/p>\n\n\n\n<p>Vojtova reflexn\u00ed lokomoce pro dosp\u011bl\u00e9<\/p>\n\n\n\n<p>Myofasci\u00e1ln\u00ed techniky (o\u0161et\u0159en\u00ed m\u011bkk\u00fdch tk\u00e1n\u00ed)<\/p>\n\n\n\n<p>O\u0161et\u0159en\u00ed blok\u00e1d pomoc\u00ed mobiliza\u010dn\u00edch technik<\/p>\n\n\n\n<p>Kineziotaping<\/p>\n\n\n\n<p>Fyzik\u00e1ln\u00ed terapie (elektroterapie, ultrazvuk, termoterapie)<\/p>\n\n\n\n<div style=\"height:25px\" aria-hidden=\"true\" class=\"wp-block-spacer\"><\/div>\n\n\n\n<hr class=\"wp-block-separator is-style-wide\"\/>\n\n\n\n<div style=\"height:25px\" aria-hidden=\"true\" class=\"wp-block-spacer\"><\/div>\n\n\n\n<p><strong>Mas\u00e1\u017ee<\/strong><\/p>\n\n\n\n<p>Sportovn\u00ed, rekondi\u010dn\u00ed a relaxa\u010dn\u00ed mas\u00e1\u017ee<\/p>\n\n\n\n<p>Dornova metoda a Breussova mas\u00e1\u017ee<\/p>\n\n\n\n<p>Mas\u00e1\u017e l\u00e1vov\u00fdmi kameny<\/p>\n\n\n\n<p>Ba\u0148kov\u00e1n\u00ed<\/p>\n\n\n\n<p>O\u0161et\u0159en\u00ed spou\u0161\u0165ov\u00fdch bod\u016f<\/p>\n","protected":false},"excerpt":{"rendered":"<p>Fyzioterapie Komplexn\u00ed vy\u0161et\u0159en\u00ed pohybov\u00e9ho syst\u00e9mu Sestaven\u00ed individu\u00e1ln\u00edho fyzioterapeutick\u00e9ho pl\u00e1nu Vojtova reflexn\u00ed lokomoce pro dosp\u011bl\u00e9 Myofasci\u00e1ln\u00ed techniky (o\u0161et\u0159en\u00ed m\u011bkk\u00fdch tk\u00e1n\u00ed) O\u0161et\u0159en\u00ed blok\u00e1d pomoc\u00ed mobiliza\u010dn\u00edch technik Kineziotaping Fyzik\u00e1ln\u00ed terapie (elektroterapie, ultrazvuk, termoterapie) Mas\u00e1\u017ee Sportovn\u00ed, rekondi\u010dn\u00ed a relaxa\u010dn\u00ed mas\u00e1\u017ee Dornova metoda a Breussova mas\u00e1\u017ee Mas\u00e1\u017e l\u00e1vov\u00fdmi kameny Ba\u0148kov\u00e1n\u00ed O\u0161et\u0159en\u00ed spou\u0161\u0165ov\u00fdch bod\u016f<\/p>\n","protected":false},"author":1,"featured_media":0,"parent":0,"menu_order":0,"comment_status":"closed","ping_status":"closed","template":"","meta":{"footnotes":""},"class_list":["post-51","page","type-page","status-publish","hentry"],"yoast_head":"<!-- This site is optimized with the Yoast SEO plugin v23.6 - https:\/\/yoast.com\/wordpress\/plugins\/seo\/ -->\n<title>Fyzioterapie Mlad\u00e1 Boleslav - Slu\u017eby fyzio a\u2022j<\/title>\n<meta name=\"description\" content=\"Fyzioterapie, komplexn\u00ed vy\u0161et\u0159en\u00ed pohybov\u00e9ho syst\u00e9mu, sportovn\u00ed, rekondi\u010dn\u00ed a relaxa\u010dn\u00ed mas\u00e1\u017eev centru Mlad\u00e9 Boleslavi. Slu\u017eby fyzio a\u2022j.\" \/>\n<meta name=\"robots\" content=\"index, follow, max-snippet:-1, max-image-preview:large, max-video-preview:-1\" \/>\n<link rel=\"canonical\" href=\"https:\/\/www.fyzioaj.cz\/index.php\/fyzioterapie\/\" \/>\n<meta property=\"og:locale\" content=\"cs_CZ\" \/>\n<meta property=\"og:type\" content=\"article\" \/>\n<meta property=\"og:title\" content=\"Fyzioterapie Mlad\u00e1 Boleslav - Slu\u017eby fyzio a\u2022j\" \/>\n<meta property=\"og:description\" content=\"Fyzioterapie, komplexn\u00ed vy\u0161et\u0159en\u00ed pohybov\u00e9ho syst\u00e9mu, sportovn\u00ed, rekondi\u010dn\u00ed a relaxa\u010dn\u00ed mas\u00e1\u017eev centru Mlad\u00e9 Boleslavi. Slu\u017eby fyzio a\u2022j.\" \/>\n<meta property=\"og:url\" content=\"https:\/\/www.fyzioaj.cz\/index.php\/fyzioterapie\/\" \/>\n<meta property=\"og:site_name\" content=\"fyzio a\u2022j\" \/>\n<meta property=\"article:publisher\" content=\"https:\/\/www.facebook.com\/fyzioaj\/\" \/>\n<meta property=\"article:modified_time\" content=\"2024-10-16T09:22:11+00:00\" \/>\n<meta name=\"twitter:card\" content=\"summary_large_image\" \/>\n<meta name=\"twitter:label1\" content=\"Odhadovan\u00e1 doba \u010dten\u00ed\" \/>\n\t<meta name=\"twitter:data1\" content=\"1 minuta\" \/>\n<script type=\"application\/ld+json\" class=\"yoast-schema-graph\">{\"@context\":\"https:\/\/schema.org\",\"@graph\":[{\"@type\":\"WebPage\",\"@id\":\"https:\/\/www.fyzioaj.cz\/index.php\/fyzioterapie\/\",\"url\":\"https:\/\/www.fyzioaj.cz\/index.php\/fyzioterapie\/\",\"name\":\"Fyzioterapie Mlad\u00e1 Boleslav - Slu\u017eby fyzio a\u2022j\",\"isPartOf\":{\"@id\":\"https:\/\/www.fyzioaj.cz\/#website\"},\"datePublished\":\"2021-10-30T08:21:47+00:00\",\"dateModified\":\"2024-10-16T09:22:11+00:00\",\"description\":\"Fyzioterapie, komplexn\u00ed vy\u0161et\u0159en\u00ed pohybov\u00e9ho syst\u00e9mu, sportovn\u00ed, rekondi\u010dn\u00ed a relaxa\u010dn\u00ed mas\u00e1\u017eev centru Mlad\u00e9 Boleslavi. Slu\u017eby fyzio a\u2022j.\",\"breadcrumb\":{\"@id\":\"https:\/\/www.fyzioaj.cz\/index.php\/fyzioterapie\/#breadcrumb\"},\"inLanguage\":\"cs\",\"potentialAction\":[{\"@type\":\"ReadAction\",\"target\":[\"https:\/\/www.fyzioaj.cz\/index.php\/fyzioterapie\/\"]}]},{\"@type\":\"BreadcrumbList\",\"@id\":\"https:\/\/www.fyzioaj.cz\/index.php\/fyzioterapie\/#breadcrumb\",\"itemListElement\":[{\"@type\":\"ListItem\",\"position\":1,\"name\":\"Dom\u016f\",\"item\":\"https:\/\/www.fyzioaj.cz\/\"},{\"@type\":\"ListItem\",\"position\":2,\"name\":\"Slu\u017eby\"}]},{\"@type\":\"WebSite\",\"@id\":\"https:\/\/www.fyzioaj.cz\/#website\",\"url\":\"https:\/\/www.fyzioaj.cz\/\",\"name\":\"fyzio a\u2022j\",\"description\":\"Fyzioterapie Mlad\u00e1 Boleslav\",\"publisher\":{\"@id\":\"https:\/\/www.fyzioaj.cz\/#organization\"},\"potentialAction\":[{\"@type\":\"SearchAction\",\"target\":{\"@type\":\"EntryPoint\",\"urlTemplate\":\"https:\/\/www.fyzioaj.cz\/?s={search_term_string}\"},\"query-input\":{\"@type\":\"PropertyValueSpecification\",\"valueRequired\":true,\"valueName\":\"search_term_string\"}}],\"inLanguage\":\"cs\"},{\"@type\":\"Organization\",\"@id\":\"https:\/\/www.fyzioaj.cz\/#organization\",\"name\":\"fyzio a\u2022j\",\"url\":\"https:\/\/www.fyzioaj.cz\/\",\"logo\":{\"@type\":\"ImageObject\",\"inLanguage\":\"cs\",\"@id\":\"https:\/\/www.fyzioaj.cz\/#\/schema\/logo\/image\/\",\"url\":\"https:\/\/www.fyzioaj.cz\/wp-content\/uploads\/2024\/02\/cropped-logo-1.png\",\"contentUrl\":\"https:\/\/www.fyzioaj.cz\/wp-content\/uploads\/2024\/02\/cropped-logo-1.png\",\"width\":250,\"height\":250,\"caption\":\"fyzio a\u2022j\"},\"image\":{\"@id\":\"https:\/\/www.fyzioaj.cz\/#\/schema\/logo\/image\/\"},\"sameAs\":[\"https:\/\/www.facebook.com\/fyzioaj\/\",\"https:\/\/www.instagram.com\/fyzioaj\/\"]}]}<\/script>\n<!-- \/ Yoast SEO plugin. -->","yoast_head_json":{"title":"Fyzioterapie Mlad\u00e1 Boleslav - Slu\u017eby fyzio a\u2022j","description":"Fyzioterapie, komplexn\u00ed vy\u0161et\u0159en\u00ed pohybov\u00e9ho syst\u00e9mu, sportovn\u00ed, rekondi\u010dn\u00ed a relaxa\u010dn\u00ed mas\u00e1\u017eev centru Mlad\u00e9 Boleslavi. Slu\u017eby fyzio a\u2022j.","robots":{"index":"index","follow":"follow","max-snippet":"max-snippet:-1","max-image-preview":"max-image-preview:large","max-video-preview":"max-video-preview:-1"},"canonical":"https:\/\/www.fyzioaj.cz\/index.php\/fyzioterapie\/","og_locale":"cs_CZ","og_type":"article","og_title":"Fyzioterapie Mlad\u00e1 Boleslav - Slu\u017eby fyzio a\u2022j","og_description":"Fyzioterapie, komplexn\u00ed vy\u0161et\u0159en\u00ed pohybov\u00e9ho syst\u00e9mu, sportovn\u00ed, rekondi\u010dn\u00ed a relaxa\u010dn\u00ed mas\u00e1\u017eev centru Mlad\u00e9 Boleslavi. Slu\u017eby fyzio a\u2022j.","og_url":"https:\/\/www.fyzioaj.cz\/index.php\/fyzioterapie\/","og_site_name":"fyzio a\u2022j","article_publisher":"https:\/\/www.facebook.com\/fyzioaj\/","article_modified_time":"2024-10-16T09:22:11+00:00","twitter_card":"summary_large_image","twitter_misc":{"Odhadovan\u00e1 doba \u010dten\u00ed":"1 minuta"},"schema":{"@context":"https:\/\/schema.org","@graph":[{"@type":"WebPage","@id":"https:\/\/www.fyzioaj.cz\/index.php\/fyzioterapie\/","url":"https:\/\/www.fyzioaj.cz\/index.php\/fyzioterapie\/","name":"Fyzioterapie Mlad\u00e1 Boleslav - Slu\u017eby fyzio a\u2022j","isPartOf":{"@id":"https:\/\/www.fyzioaj.cz\/#website"},"datePublished":"2021-10-30T08:21:47+00:00","dateModified":"2024-10-16T09:22:11+00:00","description":"Fyzioterapie, komplexn\u00ed vy\u0161et\u0159en\u00ed pohybov\u00e9ho syst\u00e9mu, sportovn\u00ed, rekondi\u010dn\u00ed a relaxa\u010dn\u00ed mas\u00e1\u017eev centru Mlad\u00e9 Boleslavi. Slu\u017eby fyzio a\u2022j.","breadcrumb":{"@id":"https:\/\/www.fyzioaj.cz\/index.php\/fyzioterapie\/#breadcrumb"},"inLanguage":"cs","potentialAction":[{"@type":"ReadAction","target":["https:\/\/www.fyzioaj.cz\/index.php\/fyzioterapie\/"]}]},{"@type":"BreadcrumbList","@id":"https:\/\/www.fyzioaj.cz\/index.php\/fyzioterapie\/#breadcrumb","itemListElement":[{"@type":"ListItem","position":1,"name":"Dom\u016f","item":"https:\/\/www.fyzioaj.cz\/"},{"@type":"ListItem","position":2,"name":"Slu\u017eby"}]},{"@type":"WebSite","@id":"https:\/\/www.fyzioaj.cz\/#website","url":"https:\/\/www.fyzioaj.cz\/","name":"fyzio a\u2022j","description":"Fyzioterapie Mlad\u00e1 Boleslav","publisher":{"@id":"https:\/\/www.fyzioaj.cz\/#organization"},"potentialAction":[{"@type":"SearchAction","target":{"@type":"EntryPoint","urlTemplate":"https:\/\/www.fyzioaj.cz\/?s={search_term_string}"},"query-input":{"@type":"PropertyValueSpecification","valueRequired":true,"valueName":"search_term_string"}}],"inLanguage":"cs"},{"@type":"Organization","@id":"https:\/\/www.fyzioaj.cz\/#organization","name":"fyzio a\u2022j","url":"https:\/\/www.fyzioaj.cz\/","logo":{"@type":"ImageObject","inLanguage":"cs","@id":"https:\/\/www.fyzioaj.cz\/#\/schema\/logo\/image\/","url":"https:\/\/www.fyzioaj.cz\/wp-content\/uploads\/2024\/02\/cropped-logo-1.png","contentUrl":"https:\/\/www.fyzioaj.cz\/wp-content\/uploads\/2024\/02\/cropped-logo-1.png","width":250,"height":250,"caption":"fyzio a\u2022j"},"image":{"@id":"https:\/\/www.fyzioaj.cz\/#\/schema\/logo\/image\/"},"sameAs":["https:\/\/www.facebook.com\/fyzioaj\/","https:\/\/www.instagram.com\/fyzioaj\/"]}]}},"_links":{"self":[{"href":"https:\/\/www.fyzioaj.cz\/index.php\/wp-json\/wp\/v2\/pages\/51"}],"collection":[{"href":"https:\/\/www.fyzioaj.cz\/index.php\/wp-json\/wp\/v2\/pages"}],"about":[{"href":"https:\/\/www.fyzioaj.cz\/index.php\/wp-json\/wp\/v2\/types\/page"}],"author":[{"embeddable":true,"href":"https:\/\/www.fyzioaj.cz\/index.php\/wp-json\/wp\/v2\/users\/1"}],"replies":[{"embeddable":true,"href":"https:\/\/www.fyzioaj.cz\/index.php\/wp-json\/wp\/v2\/comments?post=51"}],"version-history":[{"count":5,"href":"https:\/\/www.fyzioaj.cz\/index.php\/wp-json\/wp\/v2\/pages\/51\/revisions"}],"predecessor-version":[{"id":96,"href":"https:\/\/www.fyzioaj.cz\/index.php\/wp-json\/wp\/v2\/pages\/51\/revisions\/96"}],"wp:attachment":[{"href":"https:\/\/www.fyzioaj.cz\/index.php\/wp-json\/wp\/v2\/media?parent=51"}],"curies":[{"name":"wp","href":"https:\/\/api.w.org\/{rel}","templated":true}]}}