{"id":46,"date":"2021-10-30T08:11:34","date_gmt":"2021-10-30T08:11:34","guid":{"rendered":"http:\/\/www.fyzioaj.cz\/?page_id=46"},"modified":"2024-10-16T09:45:43","modified_gmt":"2024-10-16T09:45:43","slug":"cenik","status":"publish","type":"page","link":"https:\/\/www.fyzioaj.cz\/index.php\/cenik\/","title":{"rendered":"Cen\u00edk"},"content":{"rendered":"\n<div class=\"wp-block-columns is-layout-flex wp-container-core-columns-is-layout-1 wp-block-columns-is-layout-flex\">\n<div class=\"wp-block-column is-layout-flow wp-block-column-is-layout-flow\" style=\"flex-basis:66.66%\">\n<div class=\"wp-block-group\"><div class=\"wp-block-group__inner-container is-layout-flow wp-block-group-is-layout-flow\">\n<ul class=\"wp-block-list\"><li>Fyzioterapie 30 min.\u00a0\u00a0\u00a0\u00a0\u00a0\u00a0\u00a0\u00a0\u00a0\u00a0\u00a0\u00a0\u00a0\u00a0\u00a0\u00a0\u00a0\u00a0\u00a0\u00a0\u00a0\u00a0\u00a0\u00a0      \u00a0     550\u00a0  K\u010d<\/li><li>Fyzioterapie 60 min.\u00a0\u00a0\u00a0\u00a0\u00a0\u00a0\u00a0\u00a0\u00a0\u00a0\u00a0\u00a0\u00a0\u00a0\u00a0\u00a0\u00a0\u00a0\u00a0\u00a0\u00a0\u00a0\u00a0           1050\u00a0  K\u010d<\/li><li>Fyzioterapie 90 min.\u00a0\u00a0\u00a0\u00a0\u00a0\u00a0\u00a0\u00a0\u00a0\u00a0\u00a0\u00a0\u00a0\u00a0\u00a0\u00a0\u00a0\u00a0\u00a0\u00a0\u00a0\u00a0\u00a0           1350\u00a0  K\u010d<\/li><li>Man. lymfatick\u00e1 mas\u00e1\u017e 60 min.\u00a0 \u00a0\u00a0      \u00a0 1100   K\u010d<\/li><li>Samostatn\u00e1 aplikace kineziotejpu\u00a0\u00a0      150\u00a0\u00a0 K\u010d<\/li><li>Samostatn\u00e1 elektrol\u00e9\u010dba\/UZ\u00a0\u00a0\u00a0\u00a0\u00a0\u00a0\u00a0\u00a0\u00a0\u00a0\u00a0       150\u00a0\u00a0 K\u010d<\/li><li>Mas\u00e1\u017e dle vlastn\u00edho v\u00fdb\u011bru 50min.\u00a0    800   K\u010d<\/li><\/ul>\n<\/div><\/div>\n\n\n\n<p><\/p>\n<\/div>\n\n\n\n<div class=\"wp-block-column is-layout-flow wp-block-column-is-layout-flow\" style=\"flex-basis:33.33%\"><\/div>\n<\/div>\n\n\n\n<p><\/p>\n","protected":false},"excerpt":{"rendered":"<p>Fyzioterapie 30 min.\u00a0\u00a0\u00a0\u00a0\u00a0\u00a0\u00a0\u00a0\u00a0\u00a0\u00a0\u00a0\u00a0\u00a0\u00a0\u00a0\u00a0\u00a0\u00a0\u00a0\u00a0\u00a0\u00a0\u00a0 \u00a0 550\u00a0 K\u010d Fyzioterapie 60 min.\u00a0\u00a0\u00a0\u00a0\u00a0\u00a0\u00a0\u00a0\u00a0\u00a0\u00a0\u00a0\u00a0\u00a0\u00a0\u00a0\u00a0\u00a0\u00a0\u00a0\u00a0\u00a0\u00a0 1050\u00a0 K\u010d Fyzioterapie 90 min.\u00a0\u00a0\u00a0\u00a0\u00a0\u00a0\u00a0\u00a0\u00a0\u00a0\u00a0\u00a0\u00a0\u00a0\u00a0\u00a0\u00a0\u00a0\u00a0\u00a0\u00a0\u00a0\u00a0 1350\u00a0 K\u010d Man. lymfatick\u00e1 mas\u00e1\u017e 60 min.\u00a0 \u00a0\u00a0 \u00a0 1100 K\u010d Samostatn\u00e1 aplikace kineziotejpu\u00a0\u00a0 150\u00a0\u00a0 K\u010d Samostatn\u00e1 elektrol\u00e9\u010dba\/UZ\u00a0\u00a0\u00a0\u00a0\u00a0\u00a0\u00a0\u00a0\u00a0\u00a0\u00a0 150\u00a0\u00a0 K\u010d Mas\u00e1\u017e dle vlastn\u00edho v\u00fdb\u011bru 50min.\u00a0 800 K\u010d<\/p>\n","protected":false},"author":1,"featured_media":0,"parent":0,"menu_order":0,"comment_status":"closed","ping_status":"closed","template":"","meta":{"footnotes":""},"class_list":["post-46","page","type-page","status-publish","hentry"],"yoast_head":"<!-- This site is optimized with the Yoast SEO plugin v23.6 - https:\/\/yoast.com\/wordpress\/plugins\/seo\/ -->\n<title>Cen\u00edk - fyzio a\u2022j<\/title>\n<meta name=\"description\" content=\"Cen\u00edk slu\u017eeb fyzio a\u2022j. Fyzio, lymfatick\u00e1 mas\u00e1\u017e, aplikace kinezotejpu, elektrol\u00e9\u010dba, mas\u00e1\u017ee dle vlastn\u00edho v\u00fdberu.\" \/>\n<meta name=\"robots\" content=\"index, follow, max-snippet:-1, max-image-preview:large, max-video-preview:-1\" \/>\n<link rel=\"canonical\" href=\"https:\/\/www.fyzioaj.cz\/index.php\/cenik\/\" \/>\n<meta property=\"og:locale\" content=\"cs_CZ\" \/>\n<meta property=\"og:type\" content=\"article\" \/>\n<meta property=\"og:title\" content=\"Cen\u00edk - fyzio a\u2022j\" \/>\n<meta property=\"og:description\" content=\"Cen\u00edk slu\u017eeb fyzio a\u2022j. Fyzio, lymfatick\u00e1 mas\u00e1\u017e, aplikace kinezotejpu, elektrol\u00e9\u010dba, mas\u00e1\u017ee dle vlastn\u00edho v\u00fdberu.\" \/>\n<meta property=\"og:url\" content=\"https:\/\/www.fyzioaj.cz\/index.php\/cenik\/\" \/>\n<meta property=\"og:site_name\" content=\"fyzio a\u2022j\" \/>\n<meta property=\"article:publisher\" content=\"https:\/\/www.facebook.com\/fyzioaj\/\" \/>\n<meta property=\"article:modified_time\" content=\"2024-10-16T09:45:43+00:00\" \/>\n<meta name=\"twitter:card\" content=\"summary_large_image\" \/>\n<meta name=\"twitter:label1\" content=\"Odhadovan\u00e1 doba \u010dten\u00ed\" \/>\n\t<meta name=\"twitter:data1\" content=\"1 minuta\" \/>\n<script type=\"application\/ld+json\" class=\"yoast-schema-graph\">{\"@context\":\"https:\/\/schema.org\",\"@graph\":[{\"@type\":\"WebPage\",\"@id\":\"https:\/\/www.fyzioaj.cz\/index.php\/cenik\/\",\"url\":\"https:\/\/www.fyzioaj.cz\/index.php\/cenik\/\",\"name\":\"Cen\u00edk - fyzio a\u2022j\",\"isPartOf\":{\"@id\":\"https:\/\/www.fyzioaj.cz\/#website\"},\"datePublished\":\"2021-10-30T08:11:34+00:00\",\"dateModified\":\"2024-10-16T09:45:43+00:00\",\"description\":\"Cen\u00edk slu\u017eeb fyzio a\u2022j. Fyzio, lymfatick\u00e1 mas\u00e1\u017e, aplikace kinezotejpu, elektrol\u00e9\u010dba, mas\u00e1\u017ee dle vlastn\u00edho v\u00fdberu.\",\"breadcrumb\":{\"@id\":\"https:\/\/www.fyzioaj.cz\/index.php\/cenik\/#breadcrumb\"},\"inLanguage\":\"cs\",\"potentialAction\":[{\"@type\":\"ReadAction\",\"target\":[\"https:\/\/www.fyzioaj.cz\/index.php\/cenik\/\"]}]},{\"@type\":\"BreadcrumbList\",\"@id\":\"https:\/\/www.fyzioaj.cz\/index.php\/cenik\/#breadcrumb\",\"itemListElement\":[{\"@type\":\"ListItem\",\"position\":1,\"name\":\"Dom\u016f\",\"item\":\"https:\/\/www.fyzioaj.cz\/\"},{\"@type\":\"ListItem\",\"position\":2,\"name\":\"Cen\u00edk\"}]},{\"@type\":\"WebSite\",\"@id\":\"https:\/\/www.fyzioaj.cz\/#website\",\"url\":\"https:\/\/www.fyzioaj.cz\/\",\"name\":\"fyzio a\u2022j\",\"description\":\"Fyzioterapie Mlad\u00e1 Boleslav\",\"publisher\":{\"@id\":\"https:\/\/www.fyzioaj.cz\/#organization\"},\"potentialAction\":[{\"@type\":\"SearchAction\",\"target\":{\"@type\":\"EntryPoint\",\"urlTemplate\":\"https:\/\/www.fyzioaj.cz\/?s={search_term_string}\"},\"query-input\":{\"@type\":\"PropertyValueSpecification\",\"valueRequired\":true,\"valueName\":\"search_term_string\"}}],\"inLanguage\":\"cs\"},{\"@type\":\"Organization\",\"@id\":\"https:\/\/www.fyzioaj.cz\/#organization\",\"name\":\"fyzio a\u2022j\",\"url\":\"https:\/\/www.fyzioaj.cz\/\",\"logo\":{\"@type\":\"ImageObject\",\"inLanguage\":\"cs\",\"@id\":\"https:\/\/www.fyzioaj.cz\/#\/schema\/logo\/image\/\",\"url\":\"https:\/\/www.fyzioaj.cz\/wp-content\/uploads\/2024\/02\/cropped-logo-1.png\",\"contentUrl\":\"https:\/\/www.fyzioaj.cz\/wp-content\/uploads\/2024\/02\/cropped-logo-1.png\",\"width\":250,\"height\":250,\"caption\":\"fyzio a\u2022j\"},\"image\":{\"@id\":\"https:\/\/www.fyzioaj.cz\/#\/schema\/logo\/image\/\"},\"sameAs\":[\"https:\/\/www.facebook.com\/fyzioaj\/\",\"https:\/\/www.instagram.com\/fyzioaj\/\"]}]}<\/script>\n<!-- \/ Yoast SEO plugin. -->","yoast_head_json":{"title":"Cen\u00edk - fyzio a\u2022j","description":"Cen\u00edk slu\u017eeb fyzio a\u2022j. Fyzio, lymfatick\u00e1 mas\u00e1\u017e, aplikace kinezotejpu, elektrol\u00e9\u010dba, mas\u00e1\u017ee dle vlastn\u00edho v\u00fdberu.","robots":{"index":"index","follow":"follow","max-snippet":"max-snippet:-1","max-image-preview":"max-image-preview:large","max-video-preview":"max-video-preview:-1"},"canonical":"https:\/\/www.fyzioaj.cz\/index.php\/cenik\/","og_locale":"cs_CZ","og_type":"article","og_title":"Cen\u00edk - fyzio a\u2022j","og_description":"Cen\u00edk slu\u017eeb fyzio a\u2022j. Fyzio, lymfatick\u00e1 mas\u00e1\u017e, aplikace kinezotejpu, elektrol\u00e9\u010dba, mas\u00e1\u017ee dle vlastn\u00edho v\u00fdberu.","og_url":"https:\/\/www.fyzioaj.cz\/index.php\/cenik\/","og_site_name":"fyzio a\u2022j","article_publisher":"https:\/\/www.facebook.com\/fyzioaj\/","article_modified_time":"2024-10-16T09:45:43+00:00","twitter_card":"summary_large_image","twitter_misc":{"Odhadovan\u00e1 doba \u010dten\u00ed":"1 minuta"},"schema":{"@context":"https:\/\/schema.org","@graph":[{"@type":"WebPage","@id":"https:\/\/www.fyzioaj.cz\/index.php\/cenik\/","url":"https:\/\/www.fyzioaj.cz\/index.php\/cenik\/","name":"Cen\u00edk - fyzio a\u2022j","isPartOf":{"@id":"https:\/\/www.fyzioaj.cz\/#website"},"datePublished":"2021-10-30T08:11:34+00:00","dateModified":"2024-10-16T09:45:43+00:00","description":"Cen\u00edk slu\u017eeb fyzio a\u2022j. Fyzio, lymfatick\u00e1 mas\u00e1\u017e, aplikace kinezotejpu, elektrol\u00e9\u010dba, mas\u00e1\u017ee dle vlastn\u00edho v\u00fdberu.","breadcrumb":{"@id":"https:\/\/www.fyzioaj.cz\/index.php\/cenik\/#breadcrumb"},"inLanguage":"cs","potentialAction":[{"@type":"ReadAction","target":["https:\/\/www.fyzioaj.cz\/index.php\/cenik\/"]}]},{"@type":"BreadcrumbList","@id":"https:\/\/www.fyzioaj.cz\/index.php\/cenik\/#breadcrumb","itemListElement":[{"@type":"ListItem","position":1,"name":"Dom\u016f","item":"https:\/\/www.fyzioaj.cz\/"},{"@type":"ListItem","position":2,"name":"Cen\u00edk"}]},{"@type":"WebSite","@id":"https:\/\/www.fyzioaj.cz\/#website","url":"https:\/\/www.fyzioaj.cz\/","name":"fyzio a\u2022j","description":"Fyzioterapie Mlad\u00e1 Boleslav","publisher":{"@id":"https:\/\/www.fyzioaj.cz\/#organization"},"potentialAction":[{"@type":"SearchAction","target":{"@type":"EntryPoint","urlTemplate":"https:\/\/www.fyzioaj.cz\/?s={search_term_string}"},"query-input":{"@type":"PropertyValueSpecification","valueRequired":true,"valueName":"search_term_string"}}],"inLanguage":"cs"},{"@type":"Organization","@id":"https:\/\/www.fyzioaj.cz\/#organization","name":"fyzio a\u2022j","url":"https:\/\/www.fyzioaj.cz\/","logo":{"@type":"ImageObject","inLanguage":"cs","@id":"https:\/\/www.fyzioaj.cz\/#\/schema\/logo\/image\/","url":"https:\/\/www.fyzioaj.cz\/wp-content\/uploads\/2024\/02\/cropped-logo-1.png","contentUrl":"https:\/\/www.fyzioaj.cz\/wp-content\/uploads\/2024\/02\/cropped-logo-1.png","width":250,"height":250,"caption":"fyzio a\u2022j"},"image":{"@id":"https:\/\/www.fyzioaj.cz\/#\/schema\/logo\/image\/"},"sameAs":["https:\/\/www.facebook.com\/fyzioaj\/","https:\/\/www.instagram.com\/fyzioaj\/"]}]}},"_links":{"self":[{"href":"https:\/\/www.fyzioaj.cz\/index.php\/wp-json\/wp\/v2\/pages\/46"}],"collection":[{"href":"https:\/\/www.fyzioaj.cz\/index.php\/wp-json\/wp\/v2\/pages"}],"about":[{"href":"https:\/\/www.fyzioaj.cz\/index.php\/wp-json\/wp\/v2\/types\/page"}],"author":[{"embeddable":true,"href":"https:\/\/www.fyzioaj.cz\/index.php\/wp-json\/wp\/v2\/users\/1"}],"replies":[{"embeddable":true,"href":"https:\/\/www.fyzioaj.cz\/index.php\/wp-json\/wp\/v2\/comments?post=46"}],"version-history":[{"count":9,"href":"https:\/\/www.fyzioaj.cz\/index.php\/wp-json\/wp\/v2\/pages\/46\/revisions"}],"predecessor-version":[{"id":142,"href":"https:\/\/www.fyzioaj.cz\/index.php\/wp-json\/wp\/v2\/pages\/46\/revisions\/142"}],"wp:attachment":[{"href":"https:\/\/www.fyzioaj.cz\/index.php\/wp-json\/wp\/v2\/media?parent=46"}],"curies":[{"name":"wp","href":"https:\/\/api.w.org\/{rel}","templated":true}]}}